{"id":92,"date":"2011-02-09T10:12:47","date_gmt":"2011-02-09T09:12:47","guid":{"rendered":"http:\/\/www.mint-coaching.uni-bremen.de\/?page_id=92"},"modified":"2023-01-13T16:04:37","modified_gmt":"2023-01-13T15:04:37","slug":"infos","status":"publish","type":"page","link":"https:\/\/www.mint-coaching.uni-bremen.de\/?page_id=92","title":{"rendered":"SS 2011 &#8211; WS 2011\/12 Bachelor Coaching &#8211; Karrieref\u00f6rderung"},"content":{"rendered":"<p>Das Programm MINT-Coaching bietet Bachelorstudentinnen der technischen und naturwissenschaftlichen Studieng\u00e4nge der Universit\u00e4t Bremen die M\u00f6glichkeit\u2026<\/p>\n<ul>\n<li>rechtzeitig die individuellen beruflichen Perspektiven zu kl\u00e4ren<\/li>\n<li>den Berufseinstieg gezielt vorzubereiten<\/li>\n<li>vorhandene F\u00fchrungsqualit\u00e4ten auszubauen und eine Verantwortungsposition strategisch anzusteuern<\/li>\n<li>die Zusammenh\u00e4nge zwischen Betriebsorganisation und Personalf\u00fchrung systemisch zu erfassen<\/li>\n<li>das Thema Vereinbarkeit von Beruf und Familie zu durchdenken<\/li>\n<li>ein f\u00f6rderliches Netzwerk f\u00fcr den beruflichen Ein- und Aufstieg aufzubauen<\/li>\n<li>im Rahmen des Studiums Strategien der fachspezifischen Karriereplanung zu erlernen<\/li>\n<\/ul>\n<p>Das Konzept des Programms verbindet zehn Pr\u00e4senztrainings mit begleitenden, selbstgesteuerten Lernprozessen in zwei Onlinemodulen. Dar\u00fcber hinaus besteht die M\u00f6glichkeit, drei Einzel-Coachings zur individuellen Konkretisierung von Entwicklungspl\u00e4nen in Anspruch zu nehmen.<\/p>\n<p>Im Rahmen der Online-Module werden Aufgaben und \u00dcbungen aus den Pr\u00e4senztrainings vertieft. Das Ziel ist hier, Erlerntes au\u00dferhalb der Universit\u00e4t auszuprobieren (Modulbereich \u201cSocial Networking Online\u201d) und die eigene Karrieregestaltung selbstst\u00e4ndig fortzuf\u00fchren (Modulbereich \u201cSzenarisches Planen\u201d).<\/p>\n<p>Besonders Fach- und F\u00fchrungskr\u00e4fte in technischen und naturwissenschaftlichen Berufsfeldern m\u00fcssen sich der Anforderung stellen, in \u00fcberregionalen und internationalen Forschungs- und Projektteams Medien- und Kommunikationskompetenz anzuwenden.<\/p>\n<p>L\u00e4ngerfristige Auslandsaufenthalte, Dienstreisen, Familienphasen, Bildungsauszeiten, Telearbeit und vieles mehr erfordern die aktive und gezielte Nutzung von modernen virtuellen Netzwerken, damit an weiblichen Fachkr\u00e4ften nicht eine Bef\u00f6rderung vor Ort vorbei geht. Denn nur wer pr\u00e4sent ist, wird auch die n\u00e4chste Stufe im Unternehmen erreichen.<\/p>\n<div id=\"post-7\">\n<div>\n<h3><strong>STEP 1<\/strong><\/h3>\n<p>Pers\u00f6nlichkeit als Erfolgsfaktor f\u00fcr F\u00fchrungskr\u00e4fte<br \/>\n<a href=\"..\/?page_id=20\">Selbstmanagement &amp; Biographiearbeit<\/a><br \/>\nFreitag, 06. Mai 2011 15-19 h<br \/>\nSamstag, 07. Mai 2011 9-17 h<br \/>\nLeitung: Simone B\u00f6ckmann<\/p>\n<h3><strong>STEP 2<\/strong><\/h3>\n<p>Gewusst wie, gewusst wo, gewusst wer!<br \/>\n<a href=\"..\/?page_id=22\">Authentisches Selbstmarketing &amp; Netzwerkstrategien<br \/>\n<\/a>Freitag 27. Mai 2011 16-20 h<br \/>\nSamstag 28. Mai 2011 9-17 h<br \/>\nLeitung: Simone B\u00f6ckmann<\/p>\n<h3><strong>STEP 3<br \/>\n<\/strong><\/h3>\n<p>Reden ist Silber, f\u00fchren ist Gold!<br \/>\n<a href=\"..\/?page_id=26\">Kommunikationsstrategien zur Durchsetzung in Teams<\/a><br \/>\nFreitag 17. Juni 2011 16-20 h<br \/>\nSamstag 18. Juni 2011 9-17 h<br \/>\nLeitung: Simone B\u00f6ckmann<\/p>\n<h3><strong>STEP 4<br \/>\n<\/strong><\/h3>\n<p>Universum Unternehmen \u2013 interne Abl\u00e4ufe erkennen und nutzen lernen.<br \/>\n<a href=\"..\/?page_id=24\">BWL Schnupperkurs<\/a><br \/>\nFreitag 8. Juli 2011 16-20 h<br \/>\nSamstag 9. Juli 2011 9-17 h<br \/>\nLeitung: Cornelia Gschmack<\/p>\n<h3><strong>STEP 5<\/strong><\/h3>\n<p>Conferences, small talk &amp; application for an employment \u2013 test your skills!<br \/>\n<a href=\"..\/?page_id=32\">Englisch<\/a><br \/>\n<strong><\/strong>Freitag 09. September 2011 16-20 h<br \/>\nSamstag 10. September 2011 9-17 h<br \/>\nLeitung: Hazel Robertshaw<strong><br \/>\n<\/strong><\/p>\n<h3><strong>STEP 6<br \/>\n<\/strong><\/h3>\n<p>Mit klarer Strategie zum gemeinsamen Ziel<br \/>\n<a href=\"..\/?page_id=27\">Grundlagen F\u00fchrungskonzepte<\/a><br \/>\nFreitag 7. Oktober 2011 16-20 h<br \/>\nSamstag 8. Oktober 2011 9-17 h<br \/>\nLeitung: Simone B\u00f6ckmann<\/p>\n<h3><strong>STEP 7<br \/>\n<\/strong><\/h3>\n<p>Zahlen, z\u00e4hlen, zielen!<br \/>\n<a href=\"..\/?page_id=28\">Grundlagen Rechnungswesen, Controlling f\u00fcr angehende F\u00fchrungskr\u00e4fte<\/a><br \/>\nFreitag 4. November 2011 16-20 h<br \/>\nSamstag 5. November 2011 9-17 h<br \/>\nLeitung: Regina Wullkopf<\/p>\n<h3><strong>STEP 8<br \/>\n<\/strong><\/h3>\n<p>Life-Work-Creating<br \/>\n<a href=\"..\/?page_id=30\">Professionalit\u00e4t und Familienleben vereinbaren<\/a><br \/>\nFreitag 2. Dezember 2011 16-20 h<br \/>\nSamstag 3. Dezember 2011 9-17 h<br \/>\nLeitung: Simone B\u00f6ckmann<\/p>\n<h3><strong>STEP 9<br \/>\n<\/strong><\/h3>\n<p><strong>MINT-Alumni: Die Kraft meiner Stimme<br \/>\n<\/strong>Freitag 20. Januar 2012 16-20 h<br \/>\nSamstag 21. Januar 2012 9-17 h<br \/>\nLeitung: Agnes Hublitz<\/p>\n<h3><strong>STEP 10<br \/>\n<\/strong><\/h3>\n<p>Alles nur Unternehmens-Theater?!<br \/>\n<a href=\"..\/?page_id=33\">Leadership on stage<\/a><br \/>\nFreitag 10. Februar 2012 16-20 h<br \/>\nSamstag 11. Februar 2012 9-17 h<br \/>\nLeitung: Simone B\u00f6ckmann<\/p>\n<\/div>\n<\/div>\n","protected":false},"excerpt":{"rendered":"<p>Das Programm MINT-Coaching bietet Bachelorstudentinnen der technischen und naturwissenschaftlichen Studieng\u00e4nge der Universit\u00e4t Bremen die M\u00f6glichkeit\u2026 rechtzeitig die individuellen beruflichen Perspektiven zu kl\u00e4ren den Berufseinstieg gezielt vorzubereiten vorhandene F\u00fchrungsqualit\u00e4ten auszubauen und eine Verantwortungsposition strategisch anzusteuern die Zusammenh\u00e4nge zwischen Betriebsorganisation und Personalf\u00fchrung &hellip;<\/p>\n<p class=\"read-more\"> <a class=\"more-link\" href=\"https:\/\/www.mint-coaching.uni-bremen.de\/?page_id=92\"> <span class=\"screen-reader-text\">SS 2011 &#8211; WS 2011\/12 Bachelor Coaching &#8211; Karrieref\u00f6rderung<\/span> Read More &raquo;<\/a><\/p>\n","protected":false},"author":5,"featured_media":0,"parent":0,"menu_order":2,"comment_status":"closed","ping_status":"open","template":"","meta":{"footnotes":""},"_links":{"self":[{"href":"https:\/\/www.mint-coaching.uni-bremen.de\/index.php?rest_route=\/wp\/v2\/pages\/92"}],"collection":[{"href":"https:\/\/www.mint-coaching.uni-bremen.de\/index.php?rest_route=\/wp\/v2\/pages"}],"about":[{"href":"https:\/\/www.mint-coaching.uni-bremen.de\/index.php?rest_route=\/wp\/v2\/types\/page"}],"author":[{"embeddable":true,"href":"https:\/\/www.mint-coaching.uni-bremen.de\/index.php?rest_route=\/wp\/v2\/users\/5"}],"replies":[{"embeddable":true,"href":"https:\/\/www.mint-coaching.uni-bremen.de\/index.php?rest_route=%2Fwp%2Fv2%2Fcomments&post=92"}],"version-history":[{"count":2,"href":"https:\/\/www.mint-coaching.uni-bremen.de\/index.php?rest_route=\/wp\/v2\/pages\/92\/revisions"}],"predecessor-version":[{"id":396,"href":"https:\/\/www.mint-coaching.uni-bremen.de\/index.php?rest_route=\/wp\/v2\/pages\/92\/revisions\/396"}],"wp:attachment":[{"href":"https:\/\/www.mint-coaching.uni-bremen.de\/index.php?rest_route=%2Fwp%2Fv2%2Fmedia&parent=92"}],"curies":[{"name":"wp","href":"https:\/\/api.w.org\/{rel}","templated":true}]}}