{"id":149,"date":"2012-07-20T12:03:00","date_gmt":"2012-07-20T10:03:00","guid":{"rendered":"http:\/\/www.mint-coaching.uni-bremen.de\/?page_id=149"},"modified":"2023-01-13T16:07:32","modified_gmt":"2023-01-13T15:07:32","slug":"ws-201213-ss-2013-bachelor-coaching-karriereforderung","status":"publish","type":"page","link":"https:\/\/www.mint-coaching.uni-bremen.de\/?page_id=149","title":{"rendered":"WS 2012\/13 &#8211; SS 2013 Bachelor Coaching &#8211; Karrieref\u00f6rderung"},"content":{"rendered":"<p>Um fachliche und personelle Verantwortung sowie Gestaltungsspielraum im Beruf zu erhalten, bedarf es einer gezielten Strategie, die eigene berufliche und private Zukunft zu planen.<\/p>\n<p>Besonders Fach- und F\u00fchrungskr\u00e4fte in technischen und naturwissenschaftlichen Berufsfeldern m\u00fcssen sich der Anforderung stellen, in \u00fcberregionalen und internationalen Forschungs- und Projektteams Medien- und Kommunikationskompetenz anzuwenden.<\/p>\n<p>L\u00e4ngerfristige Auslandsaufenthalte, Dienstreisen, Familienphasen, Bildungsauszeiten, Telearbeit und vieles mehr erfordern die aktive und gezielte Nutzung von modernen virtuellen Netzwerken, damit an weiblichen Fachkr\u00e4ften nicht eine Bef\u00f6rderung vor Ort vorbei geht. Denn nur wer pr\u00e4sent ist, wird auch die n\u00e4chste Stufe im Unternehmen erreichen.<\/p>\n<p><strong>Das Programm MINT-Bachelor-Coaching Karrieref\u00f6rderung<\/strong> bietet Bachelorstudentinnen der technischen und naturwissenschaftlichen Studieng\u00e4nge der Universit\u00e4t Bremen unter anderem die M\u00f6glichkeit\u2026<\/p>\n<ul>\n<li>rechtzeitig die individuellen beruflichen Perspektiven zu kl\u00e4ren<\/li>\n<li>den Berufseinstieg gezielt vorzubereiten<\/li>\n<li>vorhandene F\u00fchrungsqualit\u00e4ten auszubauen und eine Verantwortungsposition strategisch anzusteuern<\/li>\n<li>die Zusammenh\u00e4nge zwischen Betriebsorganisation und Personalf\u00fchrung systemisch zu erfassen<\/li>\n<li>sich mit ihrer Lebensbalance zu auseinanderzusetzen<\/li>\n<li>ein f\u00f6rderliches Netzwerk f\u00fcr den beruflichen Ein- und Aufstieg aufzubauen<\/li>\n<li>im Rahmen des Studiums Strategien der fachspezifischen Karriereplanung zu erlernen<\/li>\n<\/ul>\n<p>Das Programm setzt sich aus<strong> 10 Steps<\/strong> zu verschiedenen Themen zusammen. Als offizielles Angebot der General Studies k\u00f6nnen Sie in diesem Programm 10 ECTS-Punkte erwerben. Wir arbeiten in einem festen Studentinnenteam, die Teilnahme ist daher nur am<strong> GESAMTEN<\/strong> Programm m\u00f6glich.<\/p>\n<p><strong>Jeder Step beinhaltet<\/strong><\/p>\n<ul>\n<li>&nbsp;ein 1,5-t\u00e4giges Pr\u00e4senztraining<\/li>\n<li>ein sich anschlie\u00dfendes moderiertes Online-Modul \u00fcber Stud.IP zur Vertiefung und Reflektion des jeweiligen Themas<\/li>\n<li>ein Einzelcoaching zur Reflektion und Erarbeitung individueller Schwerpunkte zum jeweiligen Thema.<\/li>\n<\/ul>\n<p>_______________________________________________________<\/p>\n<div id=\"post-7\">\n<div>\n<h3><strong>STEP 1<\/strong><\/h3>\n<p>Pers\u00f6nlichkeit als Erfolgsfaktor f\u00fcr F\u00fchrungskr\u00e4fte<br \/>\n<a title=\"Step 1 \u2013 Selbstmanagement und Biographiearbeit\" href=\"https:\/\/www.mint-coaching.uni-bremen.de\/?page_id=150\">Selbstmanagement &amp; Biographiearbeit<\/a><br \/>\nFreitag, 26. Oktober 2012, 16-20 h<br \/>\nSamstag, 27. Oktober 2012, 9-17 h<br \/>\nLeitung: Simone B\u00f6ckmann<\/p>\n<h3><strong>STEP 2<\/strong><\/h3>\n<p>Gewusst wie, gewusst wo, gewusst wer!<br \/>\n<a title=\"Step 2 \u2013 Authentisches Selbstmarketing und Netzwerkstrategien\" href=\"https:\/\/www.mint-coaching.uni-bremen.de\/?page_id=151\">Authentisches Selbstmarketing &amp; Netzwerkstrategien<\/a><br \/>\nFreitag, 16. November 2012, 16-20 h<br \/>\nSamstag 17. November 2012, 9-17 h<br \/>\nLeitung: Simone B\u00f6ckmann<\/p>\n<h3><strong>STEP 3<br \/>\n<\/strong><\/h3>\n<p style=\"text-align: left;\">Zahlen, z\u00e4hlen, zielen!<br \/>\n<a title=\"Step 3 \u2013 Grundlagen Rechnungswesen, Controlling f\u00fcr angehende F\u00fchrungskr\u00e4fte\" href=\"https:\/\/www.mint-coaching.uni-bremen.de\/?page_id=152\">Grundlagen Rechnungswesen, Controlling f\u00fcr angehende F\u00fchrungskr\u00e4fte<\/a><br \/>\nFreitag, 7. Dezember 2012, 16-20 h<br \/>\nSamstag, 8. Dezember 2012, 9-17 h<br \/>\nLeitung: Regina Wullkopf<\/p>\n<h3><strong>STEP 4<br \/>\n<\/strong><\/h3>\n<p>Was brauche ich &#8211; was m\u00f6chte ich &#8211; was geh\u00f6rt zu mir?<br \/>\n<a title=\"Step 4 \u2013 Meine Lebensbalance\" href=\"https:\/\/www.mint-coaching.uni-bremen.de\/?page_id=153\">Meine Lebensbalance<\/a><br \/>\nFreitag, 11. Januar 2013, 16-20 h<br \/>\nSamstag, 12. Januar 2013, 9-17 h<br \/>\nLeitung: Simone B\u00f6ckmann<\/p>\n<h3><strong>STEP 5<\/strong><\/h3>\n<p>Conferences, small talk &amp; application for an employment \u2013 test your skills!<br \/>\n<a title=\"Step 5 \u2013 Englisch\" href=\"https:\/\/www.mint-coaching.uni-bremen.de\/?page_id=154\">Englisch<\/a><br \/>\n<strong><\/strong>Freitag, 01. Februar 2013, 16-20 h<br \/>\nSamstag, 02. Februar 2013 9-17 h<br \/>\nLeitung: Hazel Robertshaw<strong><br \/>\n<\/strong><\/p>\n<h3><strong>STEP 6<br \/>\n<\/strong><\/h3>\n<p>Mit klarer Strategie zum gemeinsamen Ziel<br \/>\n<a title=\"Step 6 \u2013 Grundlagen F\u00fchrungskonzepte\" href=\"https:\/\/www.mint-coaching.uni-bremen.de\/?page_id=155\"> Grundlagen F\u00fchrungskonzepte<\/a><br \/>\nFreitag, 05. April 2013, 16-20 h<br \/>\nSamstag, 06. April 2013, 9-17 h<br \/>\nLeitung: Simone B\u00f6ckmann<\/p>\n<h3><strong>STEP 7<br \/>\n<\/strong><\/h3>\n<p>Universum Unternehmen\u2013interne Abl\u00e4ufe erkennen und nutzen lernen.<br \/>\n<a title=\"Step 7 \u2013 BWL Schnupperkurs\" href=\"https:\/\/www.mint-coaching.uni-bremen.de\/?page_id=156\"> BWL Schnupperkurs<\/a><br \/>\nFreitag, 26. April 2013, 16-20 h<br \/>\nSamstag, 27. April 2013, 9-17 h<br \/>\nLeitung: Cornelia Gschmack<\/p>\n<h3><strong>STEP 8<br \/>\n<\/strong><\/h3>\n<p>Reden ist Silber, f\u00fchren ist Gold!<br \/>\n<a title=\"Step 8 \u2013 Kommunikationsstrategien zur Durchsetzung in Teams\" href=\"https:\/\/www.mint-coaching.uni-bremen.de\/?page_id=157\"> Kommunikationsstrategien zur Durchsetzung in Teams<\/a><br \/>\nFreitag, 24. Mai 2013, 16-20 h<br \/>\nSamstag, 25. Mai 2013, 9-17 h<br \/>\nLeitung: Simone B\u00f6ckmann<\/p>\n<h3><strong>STEP 9<br \/>\n<\/strong><\/h3>\n<p><strong><\/strong>Die Pers\u00f6nlichkeit meiner Stimme.<br \/>\n<a title=\"Step 9 \u2013 Stimmtraining f\u00fcr ein wirkungsvolles Auftreten\" href=\"https:\/\/www.mint-coaching.uni-bremen.de\/?page_id=158\"> Stimmtraining f\u00fcr ein wirkungsvolles Auftreten.<\/a><br \/>\nFreitag, 14. Juni 2013, 16-20 h<br \/>\nSamstag, 15. Juni 2013, 9-17 h<br \/>\nLeitung: Agnes Hublitz<\/p>\n<h3><strong>STEP 10<br \/>\n<\/strong><\/h3>\n<p>Alles nur Unternehmens-Theater?!<br \/>\n<a title=\"Step 10 \u2013 Leadership on stage\" href=\"https:\/\/www.mint-coaching.uni-bremen.de\/?page_id=159\"> Leadership on stage<\/a><br \/>\nFreitag, 05. Juli 2013, 16-20 h<br \/>\nSamstag, 06. Juli 2013, 9-17 h<br \/>\nLeitung: Simone B\u00f6ckmann<\/p>\n<\/div>\n<\/div>\n","protected":false},"excerpt":{"rendered":"<p>Um fachliche und personelle Verantwortung sowie Gestaltungsspielraum im Beruf zu erhalten, bedarf es einer gezielten Strategie, die eigene berufliche und private Zukunft zu planen. Besonders Fach- und F\u00fchrungskr\u00e4fte in technischen und naturwissenschaftlichen Berufsfeldern m\u00fcssen sich der Anforderung stellen, in \u00fcberregionalen &hellip;<\/p>\n<p class=\"read-more\"> <a class=\"more-link\" href=\"https:\/\/www.mint-coaching.uni-bremen.de\/?page_id=149\"> <span class=\"screen-reader-text\">WS 2012\/13 &#8211; SS 2013 Bachelor Coaching &#8211; Karrieref\u00f6rderung<\/span> Read More &raquo;<\/a><\/p>\n","protected":false},"author":2,"featured_media":0,"parent":0,"menu_order":0,"comment_status":"closed","ping_status":"open","template":"","meta":{"footnotes":""},"_links":{"self":[{"href":"https:\/\/www.mint-coaching.uni-bremen.de\/index.php?rest_route=\/wp\/v2\/pages\/149"}],"collection":[{"href":"https:\/\/www.mint-coaching.uni-bremen.de\/index.php?rest_route=\/wp\/v2\/pages"}],"about":[{"href":"https:\/\/www.mint-coaching.uni-bremen.de\/index.php?rest_route=\/wp\/v2\/types\/page"}],"author":[{"embeddable":true,"href":"https:\/\/www.mint-coaching.uni-bremen.de\/index.php?rest_route=\/wp\/v2\/users\/2"}],"replies":[{"embeddable":true,"href":"https:\/\/www.mint-coaching.uni-bremen.de\/index.php?rest_route=%2Fwp%2Fv2%2Fcomments&post=149"}],"version-history":[{"count":2,"href":"https:\/\/www.mint-coaching.uni-bremen.de\/index.php?rest_route=\/wp\/v2\/pages\/149\/revisions"}],"predecessor-version":[{"id":404,"href":"https:\/\/www.mint-coaching.uni-bremen.de\/index.php?rest_route=\/wp\/v2\/pages\/149\/revisions\/404"}],"wp:attachment":[{"href":"https:\/\/www.mint-coaching.uni-bremen.de\/index.php?rest_route=%2Fwp%2Fv2%2Fmedia&parent=149"}],"curies":[{"name":"wp","href":"https:\/\/api.w.org\/{rel}","templated":true}]}}